{"id":12,"date":"2016-03-07T12:23:30","date_gmt":"2016-03-07T11:23:30","guid":{"rendered":"http:\/\/localhost\/ogrodnia\/?page_id=12"},"modified":"2026-02-10T13:20:44","modified_gmt":"2026-02-10T12:20:44","slug":"kim-jestesmy","status":"publish","type":"page","link":"https:\/\/www.ogrodnia.eu\/index.php\/kim-jestesmy\/","title":{"rendered":"KIM JESTE\u015aMY"},"content":{"rendered":"<blockquote>\n<h4>&#8222;(\u2026) pod ca\u0142ym urokiem ogrodu b\u0119dzie kry\u0142 si\u0119 logiczny i prosty szkielet daj\u0105cy<br \/>\nsatysfakcjonuj\u0105c\u0105 pewno\u015b\u0107, \u017ce u\u017cyto zdrowego rozs\u0105dku i trze\u017awego rozumowania.&#8221;<\/h4>\n<p>\u2013 Russell Page -\u201dEdukacja Ogrodnika\u201d<\/p>\n<p>&nbsp;<\/p><\/blockquote>\n<h1><strong>Ogrodnia powsta\u0142a w 2007 roku. Pocz\u0105tkowo robili\u015bmy tylko projekty, jednak bardzo szybko okaza\u0142o si\u0119, \u017ce jest zainteresowanie realizacjami. Debiutancki ogr\u00f3d powsta\u0142 cztery miesi\u0105ce po za\u0142o\u017ceniu firmy. Przy pomocy rodziny i przyjaci\u00f3\u0142 oraz sprz\u0119tu dost\u0119pnego w gara\u017cu wykonali\u015bmy pierwsz\u0105 realizacj\u0119.&nbsp;<\/strong><\/h1>\n<p>Zaczynali\u015bmy od podstaw, wiele rzeczy wykonuj\u0105c w\u0142asnymi si\u0142ami. Efekty jakie uzyskiwali\u015bmy i zadowolenie klient\u00f3w wp\u0142ywa\u0142y motywuj\u0105co na rozw\u00f3j firmy.<\/p>\n<p>Obecnie na swoim koncie mamy kilkaset projekt\u00f3w i&nbsp; kilkadziesi\u0105t realizacji &#8211; mniejszych i wi\u0119kszych. Ekip\u0119 tworz\u0105 ludzie z do\u015bwiadczeniem i pasj\u0105. Jest to sta\u0142a za\u0142oga, w kt\u00f3rej ka\u017cdy wie co robi\u0107.<\/p>\n<p>Zak\u0142adanie ogrod\u00f3w jest niesamowicie satysfakcjonuj\u0105c\u0105 prac\u0105. Gdy wchodzimy na teren przysz\u0142ego ogrodu najcz\u0119\u015bciej wygl\u0105da on jak krajobraz ksi\u0119\u017cycowy. Gdy go ko\u0144czymy zostawiamy tam przestrze\u0144 pe\u0142n\u0105 \u0142adu, porz\u0105dku&nbsp; i uroku.<\/p>\n<p><strong>Do\u015bwiadczenie<\/strong> zdobyte przez ostatnie lata sprawia, \u017ce zlecenia wykonujemy sprawnie i terminowo.<\/p>\n<p>Nieustannie pog\u0142\u0119biamy nasz\u0105 <strong>wiedz\u0119<\/strong>, tak aby by\u0107 na bie\u017c\u0105co ze wszelkimi nowo\u015bciami.<\/p>\n<p>Ogrody to nasza <strong>pasja<\/strong>. Ci\u0119\u017cko pracujemy, aby efekt ko\u0144cowy by\u0142 jak najlepszy.<\/p>\n<p>Pozw\u00f3l nam wyczarowa\u0107 Tw\u00f3j przepi\u0119kny ogr\u00f3d.<\/p>\n<div>\n<p><em>Wyobra\u017a sobie siebie w\u015br\u00f3d kolor\u00f3w, soczystej zieleni, harmonii, aromacie letniego wieczoru\u2026<\/em><\/p>\n<\/div>\n<div><em> Wyobra\u017a siebie w pi\u0119knie zaprojektowanej przestrzeni. <\/em><\/div>\n<div><em> My j\u0105 stworzymy<\/em><\/div>\n<p>&nbsp;<\/p>\n<p><strong>W\u0142a\u015bciciel:<\/strong><\/p>\n<p>In\u017c. Anna Andrearczyk, architekt krajobrazu. Studia z architektury krajobrazu uko\u0144czone w 2005 roku z wynikiem bardzo dobrym. W bran\u017cy od 2004 roku. W\u0142asna firma od 2007 roku. W tym czasie powsta\u0142o wiele projekt\u00f3w, ka\u017cdy wyj\u0105tkowy i niepowtarzalny!<\/p>\n<p><img loading=\"lazy\" decoding=\"async\" class=\"aligncenter wp-image-2626 size-medium\" src=\"https:\/\/www.ogrodnia.eu\/wp-content\/uploads\/2023\/01\/kim-jestesmy-wlasciciel-300x300.jpeg\" alt=\"\" width=\"300\" height=\"300\" srcset=\"https:\/\/www.ogrodnia.eu\/wp-content\/uploads\/2023\/01\/kim-jestesmy-wlasciciel-300x300.jpeg 300w, https:\/\/www.ogrodnia.eu\/wp-content\/uploads\/2023\/01\/kim-jestesmy-wlasciciel-1024x1024.jpeg 1024w, https:\/\/www.ogrodnia.eu\/wp-content\/uploads\/2023\/01\/kim-jestesmy-wlasciciel-150x150.jpeg 150w, https:\/\/www.ogrodnia.eu\/wp-content\/uploads\/2023\/01\/kim-jestesmy-wlasciciel-768x768.jpeg 768w, https:\/\/www.ogrodnia.eu\/wp-content\/uploads\/2023\/01\/kim-jestesmy-wlasciciel-1536x1536.jpeg 1536w, https:\/\/www.ogrodnia.eu\/wp-content\/uploads\/2023\/01\/kim-jestesmy-wlasciciel-2048x2048.jpeg 2048w\" sizes=\"auto, (max-width: 300px) 100vw, 300px\" \/><\/p>\n<p><strong>Za\u0142oga:<\/strong><\/p>\n<p>Wojtek, Asia, Patryk, Pawe\u0142 \u2013 to trzon Ogrodni. W bran\u017cy od wielu lat. Charakteryzuje ich du\u017ce do\u015bwiadczenie, pracowito\u015b\u0107 i dok\u0142adno\u015b\u0107 wykonywanej pracy.&nbsp;<\/p>\n<div class=\"gca-column one-third first\"><img loading=\"lazy\" decoding=\"async\" class=\"aligncenter size-medium wp-image-543\" src=\"https:\/\/www.ogrodnia.eu\/wp-content\/uploads\/2016\/03\/zaloga1-300x240.png\" alt=\"\" width=\"300\" height=\"240\"><\/div>\n<div class=\"gca-column one-third\"><img loading=\"lazy\" decoding=\"async\" class=\"aligncenter wp-image-2627 size-medium\" src=\"https:\/\/www.ogrodnia.eu\/wp-content\/uploads\/2023\/01\/Kim-jestesmy-na-dole-na-srodku--300x300.jpeg\" alt=\"\" width=\"300\" height=\"300\" srcset=\"https:\/\/www.ogrodnia.eu\/wp-content\/uploads\/2023\/01\/Kim-jestesmy-na-dole-na-srodku--300x300.jpeg 300w, https:\/\/www.ogrodnia.eu\/wp-content\/uploads\/2023\/01\/Kim-jestesmy-na-dole-na-srodku--1024x1024.jpeg 1024w, https:\/\/www.ogrodnia.eu\/wp-content\/uploads\/2023\/01\/Kim-jestesmy-na-dole-na-srodku--150x150.jpeg 150w, https:\/\/www.ogrodnia.eu\/wp-content\/uploads\/2023\/01\/Kim-jestesmy-na-dole-na-srodku--768x768.jpeg 768w, https:\/\/www.ogrodnia.eu\/wp-content\/uploads\/2023\/01\/Kim-jestesmy-na-dole-na-srodku--1536x1536.jpeg 1536w, https:\/\/www.ogrodnia.eu\/wp-content\/uploads\/2023\/01\/Kim-jestesmy-na-dole-na-srodku--2048x2048.jpeg 2048w\" sizes=\"auto, (max-width: 300px) 100vw, 300px\" \/><\/div>\n<div class=\"gca-column one-third\"><img loading=\"lazy\" decoding=\"async\" class=\"aligncenter size-medium wp-image-541\" src=\"https:\/\/www.ogrodnia.eu\/wp-content\/uploads\/2016\/03\/zaloga-300x291.png\" alt=\"\" width=\"300\" height=\"291\">.<\/div>\n","protected":false},"excerpt":{"rendered":"<p>&#8222;(\u2026) pod ca\u0142ym urokiem ogrodu b\u0119dzie kry\u0142 si\u0119 logiczny i prosty szkielet daj\u0105cy satysfakcjonuj\u0105c\u0105 pewno\u015b\u0107, \u017ce u\u017cyto zdrowego rozs\u0105dku i trze\u017awego rozumowania.&#8221; \u2013 Russell Page -\u201dEdukacja Ogrodnika\u201d &nbsp; Ogrodnia powsta\u0142a w 2007 roku. Pocz\u0105tkowo robili\u015bmy tylko projekty, jednak bardzo szybko &hellip; <a href=\"https:\/\/www.ogrodnia.eu\/index.php\/kim-jestesmy\/\">Czytaj dalej <span class=\"meta-nav\">&rarr;<\/span><\/a><\/p>\n","protected":false},"author":1,"featured_media":0,"parent":0,"menu_order":0,"comment_status":"closed","ping_status":"closed","template":"","meta":{"om_disable_all_campaigns":false,"_monsterinsights_skip_tracking":false,"_monsterinsights_sitenote_active":false,"_monsterinsights_sitenote_note":"","_monsterinsights_sitenote_category":0,"_uf_show_specific_survey":0,"_uf_disable_surveys":false,"ngg_post_thumbnail":0,"footnotes":""},"class_list":["post-12","page","type-page","status-publish","hentry"],"aioseo_notices":[],"_links":{"self":[{"href":"https:\/\/www.ogrodnia.eu\/index.php\/wp-json\/wp\/v2\/pages\/12","targetHints":{"allow":["GET"]}}],"collection":[{"href":"https:\/\/www.ogrodnia.eu\/index.php\/wp-json\/wp\/v2\/pages"}],"about":[{"href":"https:\/\/www.ogrodnia.eu\/index.php\/wp-json\/wp\/v2\/types\/page"}],"author":[{"embeddable":true,"href":"https:\/\/www.ogrodnia.eu\/index.php\/wp-json\/wp\/v2\/users\/1"}],"replies":[{"embeddable":true,"href":"https:\/\/www.ogrodnia.eu\/index.php\/wp-json\/wp\/v2\/comments?post=12"}],"version-history":[{"count":32,"href":"https:\/\/www.ogrodnia.eu\/index.php\/wp-json\/wp\/v2\/pages\/12\/revisions"}],"predecessor-version":[{"id":2734,"href":"https:\/\/www.ogrodnia.eu\/index.php\/wp-json\/wp\/v2\/pages\/12\/revisions\/2734"}],"wp:attachment":[{"href":"https:\/\/www.ogrodnia.eu\/index.php\/wp-json\/wp\/v2\/media?parent=12"}],"curies":[{"name":"wp","href":"https:\/\/api.w.org\/{rel}","templated":true}]}}