{"id":18,"date":"2016-03-07T12:27:25","date_gmt":"2016-03-07T11:27:25","guid":{"rendered":"http:\/\/localhost\/ogrodnia\/?page_id=18"},"modified":"2017-02-03T16:58:21","modified_gmt":"2017-02-03T15:58:21","slug":"standard-pracy","status":"publish","type":"page","link":"https:\/\/www.ogrodnia.eu\/index.php\/standard-pracy\/","title":{"rendered":"STANDARDY PRACY"},"content":{"rendered":"<p><strong>Pro<span style=\"color: #000000;\">jekty<\/span><\/strong><\/p>\n<p>Ka\u017cde zlecenie jest wyj\u0105tkowe. Wszystkie projekty powstaj\u0105 w oparciu o indywidualne potrzeby inwestora, kt\u00f3ry na ka\u017cdym etapie projektowania ma mo\u017cliwo\u015b\u0107 wprowadzenia zmian.<\/p>\n<p>Ka\u017cdy projekt jest inny, w ka\u017cdym jest co\u015b wyj\u0105tkowego a jednocze\u015bnie s\u0105 one realne do wykonania. Papier przyjmie wszystko, ale Ogrodnia musi to p\u00f3\u017aniej wykona\u0107! \ud83d\ude09<\/p>\n<p><strong>Realizacje<u> <\/u><\/strong><\/p>\n<p>Najwi\u0119ksz\u0105 satysfakcj\u0105 dla nas jest widok uko\u0144czonego ogrodu, w kt\u00f3rym panuje \u0142ad i harmonia. Na ca\u0142o\u015bciowy odbi\u00f3r ogrodu sk\u0142ada si\u0119 wiele detali tj.: przygotowanie gruntu pod sadzenie ro\u015blin, stosowanie odpowiedniego rodzaju ziemi, idealne wygrabienie terenu pod trawnik, przykrywanie nasion trawy torfem, zachowanie odpowiednich spadk\u00f3w, przygotowanie kraw\u0119dzi na ko\u0144cu trawnika, solidne i estetyczne palikowanie drzew, podlewanie ro\u015blin w dniu sadzenia.<\/p>\n<p>Ogrodnia dba o to, aby ogr\u00f3d mia\u0142 jak najlepszy start. Na naszych trawnikach wykonujemy pierwsze koszenie, w razie potrzeby dosiewamy nasiona i wykonujemy oprysk na chwasty dwuli\u015bcienne. W pierwszym roku przygotowujemy ogr\u00f3d do zimy \u2013 okrywamy wra\u017cliwsze ro\u015bliny.<\/p>\n<p>Wszystkie te detale maj\u0105 na celu u\u0142atwienie p\u00f3\u017aniejszej piel\u0119gnacji ogrodu i wp\u0142ywaj\u0105 na jego wygl\u0105d!<\/p>\n<p>Du\u017ce znaczenie maj\u0105 r\u00f3wnie\u017c materia\u0142y, kt\u00f3rych u\u017cywamy. Staramy si\u0119, aby by\u0142y one zawsze najlepszej jako\u015bci. Wiemy gdzie kupi\u0107 najlepsz\u0105 traw\u0119 z rolki i najlepszej jako\u015bci ro\u015bliny, jakie nasiona daj\u0105 najpi\u0119kniejszy trawnik, jak siatka na pewno nie przepu\u015bci kreta! Lubimy pracowa\u0107 z najlepszymi!<\/p>\n<p><strong>Piel\u0119gnacje<\/strong><\/p>\n<p>Ogr\u00f3d to \u017cywy organizm. Do prawid\u0142owego rozwoju potrzebuje odpowiedniej piel\u0119gnacji. Najwi\u0119ksze znaczenie ma wiosenna piel\u0119gnacja, w czasie kt\u00f3rej odpowiednio przycinamy i nawozimy ro\u015bliny. Wertykulujemy i nawozimy trawnik, poprawiamy jego kraw\u0119dzie. Budzimy ogr\u00f3d do \u017cycia!<\/p>\n<p>&nbsp;<\/p>\n<div class=\"gca-column one-fifth first\"><strong><img loading=\"lazy\" decoding=\"async\" class=\"aligncenter size-medium wp-image-566\" src=\"https:\/\/www.ogrodnia.eu\/wp-content\/uploads\/2016\/03\/STANDARDY4-287x300.png\" alt=\"\" width=\"287\" height=\"300\" srcset=\"https:\/\/www.ogrodnia.eu\/wp-content\/uploads\/2016\/03\/STANDARDY4-287x300.png 287w, https:\/\/www.ogrodnia.eu\/wp-content\/uploads\/2016\/03\/STANDARDY4-768x804.png 768w, https:\/\/www.ogrodnia.eu\/wp-content\/uploads\/2016\/03\/STANDARDY4.png 831w\" sizes=\"auto, (max-width: 287px) 100vw, 287px\" \/><\/strong><\/div>\n<div class=\"gca-column one-fifth\"><strong><img loading=\"lazy\" decoding=\"async\" class=\"aligncenter size-medium wp-image-567\" src=\"https:\/\/www.ogrodnia.eu\/wp-content\/uploads\/2016\/03\/STANDARDY5-228x300.png\" alt=\"\" width=\"228\" height=\"300\" srcset=\"https:\/\/www.ogrodnia.eu\/wp-content\/uploads\/2016\/03\/STANDARDY5-228x300.png 228w, https:\/\/www.ogrodnia.eu\/wp-content\/uploads\/2016\/03\/STANDARDY5.png 438w\" sizes=\"auto, (max-width: 228px) 100vw, 228px\" \/><\/strong><\/div>\n<div class=\"gca-column one-fifth\"><strong><img loading=\"lazy\" decoding=\"async\" class=\"aligncenter size-medium wp-image-568\" src=\"https:\/\/www.ogrodnia.eu\/wp-content\/uploads\/2016\/03\/standardy-kopia-300x296.png\" alt=\"\" width=\"300\" height=\"296\" srcset=\"https:\/\/www.ogrodnia.eu\/wp-content\/uploads\/2016\/03\/standardy-kopia-300x296.png 300w, https:\/\/www.ogrodnia.eu\/wp-content\/uploads\/2016\/03\/standardy-kopia-304x300.png 304w, https:\/\/www.ogrodnia.eu\/wp-content\/uploads\/2016\/03\/standardy-kopia.png 628w\" sizes=\"auto, (max-width: 300px) 100vw, 300px\" \/><\/strong><\/div>\n<div class=\"gca-column one-fifth\"><strong><img loading=\"lazy\" decoding=\"async\" class=\"aligncenter size-medium wp-image-569\" src=\"https:\/\/www.ogrodnia.eu\/wp-content\/uploads\/2016\/03\/standardy-255x300.png\" alt=\"\" width=\"255\" height=\"300\" srcset=\"https:\/\/www.ogrodnia.eu\/wp-content\/uploads\/2016\/03\/standardy-255x300.png 255w, https:\/\/www.ogrodnia.eu\/wp-content\/uploads\/2016\/03\/standardy.png 661w\" sizes=\"auto, (max-width: 255px) 100vw, 255px\" \/><\/strong><\/div>\n<div class=\"gca-column one-fifth\"><strong><img loading=\"lazy\" decoding=\"async\" class=\"aligncenter size-medium wp-image-570\" src=\"https:\/\/www.ogrodnia.eu\/wp-content\/uploads\/2016\/03\/standardy4-242x300.jpg\" alt=\"\" width=\"242\" height=\"300\" srcset=\"https:\/\/www.ogrodnia.eu\/wp-content\/uploads\/2016\/03\/standardy4-242x300.jpg 242w, https:\/\/www.ogrodnia.eu\/wp-content\/uploads\/2016\/03\/standardy4.jpg 692w\" sizes=\"auto, (max-width: 242px) 100vw, 242px\" \/><\/strong><\/div>\n","protected":false},"excerpt":{"rendered":"<p>Projekty Ka\u017cde zlecenie jest wyj\u0105tkowe. Wszystkie projekty powstaj\u0105 w oparciu o indywidualne potrzeby inwestora, kt\u00f3ry na ka\u017cdym etapie projektowania ma mo\u017cliwo\u015b\u0107 wprowadzenia zmian. Ka\u017cdy projekt jest inny, w ka\u017cdym jest co\u015b wyj\u0105tkowego a jednocze\u015bnie s\u0105 one realne do wykonania. Papier &hellip; <a href=\"https:\/\/www.ogrodnia.eu\/index.php\/standard-pracy\/\">Czytaj dalej <span class=\"meta-nav\">&rarr;<\/span><\/a><\/p>\n","protected":false},"author":1,"featured_media":0,"parent":0,"menu_order":0,"comment_status":"closed","ping_status":"closed","template":"","meta":{"om_disable_all_campaigns":false,"_monsterinsights_skip_tracking":false,"_monsterinsights_sitenote_active":false,"_monsterinsights_sitenote_note":"","_monsterinsights_sitenote_category":0,"_uf_show_specific_survey":0,"_uf_disable_surveys":false,"ngg_post_thumbnail":0,"footnotes":""},"class_list":["post-18","page","type-page","status-publish","hentry"],"aioseo_notices":[],"_links":{"self":[{"href":"https:\/\/www.ogrodnia.eu\/index.php\/wp-json\/wp\/v2\/pages\/18","targetHints":{"allow":["GET"]}}],"collection":[{"href":"https:\/\/www.ogrodnia.eu\/index.php\/wp-json\/wp\/v2\/pages"}],"about":[{"href":"https:\/\/www.ogrodnia.eu\/index.php\/wp-json\/wp\/v2\/types\/page"}],"author":[{"embeddable":true,"href":"https:\/\/www.ogrodnia.eu\/index.php\/wp-json\/wp\/v2\/users\/1"}],"replies":[{"embeddable":true,"href":"https:\/\/www.ogrodnia.eu\/index.php\/wp-json\/wp\/v2\/comments?post=18"}],"version-history":[{"count":10,"href":"https:\/\/www.ogrodnia.eu\/index.php\/wp-json\/wp\/v2\/pages\/18\/revisions"}],"predecessor-version":[{"id":575,"href":"https:\/\/www.ogrodnia.eu\/index.php\/wp-json\/wp\/v2\/pages\/18\/revisions\/575"}],"wp:attachment":[{"href":"https:\/\/www.ogrodnia.eu\/index.php\/wp-json\/wp\/v2\/media?parent=18"}],"curies":[{"name":"wp","href":"https:\/\/api.w.org\/{rel}","templated":true}]}}