{"id":20,"date":"2016-03-07T12:28:15","date_gmt":"2016-03-07T11:28:15","guid":{"rendered":"http:\/\/localhost\/ogrodnia\/?page_id=20"},"modified":"2025-01-08T13:29:49","modified_gmt":"2025-01-08T12:29:49","slug":"cennik","status":"publish","type":"page","link":"https:\/\/www.ogrodnia.eu\/index.php\/cennik\/","title":{"rendered":"CENNIK"},"content":{"rendered":"<p>Zapraszam do zapoznania si\u0119 z cenami. W przypadku w\u0105tpliwo\u015bci, ch\u0119tnie odwiedz\u0119 Pa\u0144stwa w ogrodzie i przygotuj\u0119 niezobowi\u0105zuj\u0105c\u0105 ofert\u0119.<\/p>\n<p><strong>DORADZTWO W TERENIE<\/strong> &#8211; spotkanie w Pa\u0144stwa ogrodzie w celu om\u00f3wienia zmian, zaproponowania rozwi\u0105za\u0144 problem\u00f3w, pomocy przy samodzielnym zak\u0142adaniu ogrodu &#8211; koszt <strong>150 z\u0142 brutto za godzin\u0119<\/strong>.<\/p>\n<p><strong>PROJEKTY<\/strong><br \/>\nCena projektu ogrodu zale\u017cy od wielko\u015bci terenu do zaprojektowania. \u2028Im wi\u0119kszy ogr\u00f3d tym cena za 1 m2 jest ni\u017csza.<\/p>\n<p><span style=\"color: #ff0000;\"><strong>PROJEKT OGRODU MO\u017bNA ZAM\u00d3WI\u0106 W 3 WERSJACH:<\/strong><\/span><\/p>\n<p><strong>1. KONCEPCJA ZAGOSPODAROWANIA OGRODU<\/strong><br \/>\nDokumentacja daj\u0105ca obraz zagospodarowania terenu, wyznaczaj\u0105ca miejsca w ogrodzie bez doboru ro\u015blin.<br \/>\nKoncepcja zawiera:<br \/>\n<span class=\"x1xsqp64 xiy17q3 x1o6pynw x19co3pv xdj266r xcwd3tp xat24cr x39eecv x2b8uid\" data-testid=\"emoji\"><span class=\"xexx8yu xn5pp95 x18d9i69 x2fxd7x x1yqt14a x1bhl96m\">\ud83c\udf31<\/span><\/span> uk\u0142ad kompozycyjny (schemat funkcjonalny) \u2013 co gdzie ma by\u0107 w ogrodzie tak, \u017ceby jak najlepiej wykorzysta\u0107 przestrze\u0144, wydoby\u0107 zalety, zminimalizowa\u0107 wady <span class=\"x1xsqp64 xiy17q3 x1o6pynw x19co3pv xdj266r xcwd3tp xat24cr x39eecv x2b8uid\" data-testid=\"emoji\"><span class=\"xexx8yu xn5pp95 x18d9i69 x2fxd7x x1yqt14a x1bhl96m\">\ud83c\udf31<\/span><\/span>komunikacj\u0119: \u015bcie\u017cki, nawierzchnie, podjazd <span class=\"x1xsqp64 xiy17q3 x1o6pynw x19co3pv xdj266r xcwd3tp xat24cr x39eecv x2b8uid\" data-testid=\"emoji\"><span class=\"xexx8yu xn5pp95 x18d9i69 x2fxd7x x1yqt14a x1bhl96m\">\ud83c\udf31<\/span><\/span>rozmieszczenie rabat, trawnik\u00f3w, \u017cywop\u0142ot\u00f3w &#8211; bez okre\u015blania gatunk\u00f3w \u2028<span class=\"x1xsqp64 xiy17q3 x1o6pynw x19co3pv xdj266r xcwd3tp xat24cr x39eecv x2b8uid\" data-testid=\"emoji\"><span class=\"xexx8yu xn5pp95 x18d9i69 x2fxd7x x1yqt14a x1bhl96m\">\ud83c\udf31<\/span><\/span> rozmieszczenie punkt\u00f3w \u015bwietlnych\u2028 <span class=\"x1xsqp64 xiy17q3 x1o6pynw x19co3pv xdj266r xcwd3tp xat24cr x39eecv x2b8uid\" data-testid=\"emoji\"><span class=\"xexx8yu xn5pp95 x18d9i69 x2fxd7x x1yqt14a x1bhl96m\">\ud83c\udf31<\/span><\/span>rzut w skali 1:100 <span class=\"x1xsqp64 xiy17q3 x1o6pynw x19co3pv xdj266r xcwd3tp xat24cr x39eecv x2b8uid\" data-testid=\"emoji\"><span class=\"xexx8yu xn5pp95 x18d9i69 x2fxd7x x1yqt14a x1bhl96m\">\ud83c\udf31<\/span><\/span>zestawienie powierzchni: nawierzchni utwardzonych, trawnik\u00f3w, powierzchni nasadze\u0144<br \/>\nEtap projektowy zawiera minimum 2 spotkania, klienci mog\u0105 na ka\u017cdym etapie (do ostatecznej akceptacji ka\u017cdego z etap\u00f3w) wprowadza\u0107 zmiany.<\/p>\n<p><strong>Koszt koncepcji = Liczba metr\u00f3w kwadratowych ogrodu + 2200 z\u0142<\/strong><\/p>\n<p><strong>2. PROJEKT OGRODU BEZ WIZUALIZACJI 3D<\/strong><br \/>\nDokumentacja umo\u017cliwiaj\u0105ca wykonanie ogrodu \u0142\u0105cznie z nasadzeniami ro\u015blin.<br \/>\nProjekt zawiera:<br \/>\n<span class=\"x1xsqp64 xiy17q3 x1o6pynw x19co3pv xdj266r xcwd3tp xat24cr x39eecv x2b8uid\" data-testid=\"emoji\"><span class=\"xexx8yu xn5pp95 x18d9i69 x2fxd7x x1yqt14a x1bhl96m\">\ud83c\udf31<\/span><\/span>uk\u0142ad kompozycyjny (schemat funkcjonalny) \u2013 co gdzie ma by\u0107 w ogrodzie tak, \u017ceby jak najlepiej wykorzysta\u0107 przestrze\u0144, wydoby\u0107 zalety, zminimalizowa\u0107 wady <span class=\"x1xsqp64 xiy17q3 x1o6pynw x19co3pv xdj266r xcwd3tp xat24cr x39eecv x2b8uid\" data-testid=\"emoji\"><span class=\"xexx8yu xn5pp95 x18d9i69 x2fxd7x x1yqt14a x1bhl96m\">\ud83c\udf31<\/span><\/span>komunikacj\u0119: \u015bcie\u017cki, nawierzchnie, podjazd <span class=\"x1xsqp64 xiy17q3 x1o6pynw x19co3pv xdj266r xcwd3tp xat24cr x39eecv x2b8uid\" data-testid=\"emoji\"><span class=\"xexx8yu xn5pp95 x18d9i69 x2fxd7x x1yqt14a x1bhl96m\">\ud83c\udf37<\/span><\/span>rozmieszczenie rabat, trawnik\u00f3w, \u017cywop\u0142ot\u00f3w\u2028&nbsp; <span class=\"x1xsqp64 xiy17q3 x1o6pynw x19co3pv xdj266r xcwd3tp xat24cr x39eecv x2b8uid\" data-testid=\"emoji\"><span class=\"xexx8yu xn5pp95 x18d9i69 x2fxd7x x1yqt14a x1bhl96m\">\ud83c\udf31<\/span><\/span>rozmieszczenie punkt\u00f3w \u015bwietlnych \u2028<span class=\"x1xsqp64 xiy17q3 x1o6pynw x19co3pv xdj266r xcwd3tp xat24cr x39eecv x2b8uid\" data-testid=\"emoji\"><span class=\"xexx8yu xn5pp95 x18d9i69 x2fxd7x x1yqt14a x1bhl96m\">\ud83c\udf37<\/span><\/span>propozycje ma\u0142ej architektury ogrodowej (lampy, altany, treja\u017ce, pergole itp.) przy elementach ma\u0142ej architektury s\u0105 to rysunki koncepcyjne \u2013 bez rysunk\u00f3w konstrukcyjnych lub gotowe produkty z katalog\u00f3w,\u2028 <span class=\"x1xsqp64 xiy17q3 x1o6pynw x19co3pv xdj266r xcwd3tp xat24cr x39eecv x2b8uid\" data-testid=\"emoji\"><span class=\"xexx8yu xn5pp95 x18d9i69 x2fxd7x x1yqt14a x1bhl96m\">\ud83c\udf37<\/span><\/span>szczeg\u00f3\u0142owy spis ro\u015blin z jednoznacznym okre\u015bleniem ro\u015blin (co do gatunku i odmiany), projektowane ro\u015bliny s\u0105 przedstawiane na prezentacji na podstawie zdj\u0119\u0107\u2028 <span class=\"x1xsqp64 xiy17q3 x1o6pynw x19co3pv xdj266r xcwd3tp xat24cr x39eecv x2b8uid\" data-testid=\"emoji\"><span class=\"xexx8yu xn5pp95 x18d9i69 x2fxd7x x1yqt14a x1bhl96m\">\ud83c\udf31<\/span><\/span>rzut ogrodu w skali 1:100 \u2028<span class=\"x1xsqp64 xiy17q3 x1o6pynw x19co3pv xdj266r xcwd3tp xat24cr x39eecv x2b8uid\" data-testid=\"emoji\"><span class=\"xexx8yu xn5pp95 x18d9i69 x2fxd7x x1yqt14a x1bhl96m\">\ud83c\udf31<\/span><\/span>zestawienie powierzchni: nawierzchni utwardzonych, trawnik\u00f3w, powierzchni nasadze\u0144<br \/>\nEtap projektowy zawiera minimum 4 spotkania, klienci mog\u0105 na ka\u017cdym etapie (do ostatecznej akceptacji ka\u017cdego z etap\u00f3w) wprowadza\u0107 zmiany.<\/p>\n<p><strong>Koszt projektu bez wizualizacji = Liczba metr\u00f3w kwadratowych ogrodu + 2900 z\u0142<\/strong><\/p>\n<p>&nbsp;<\/p>\n<p><strong>3. PROJEKT OGRODU Z WIZUALIZACJAMI 3D<\/strong><br \/>\nDokumentacja umo\u017cliwiaj\u0105ca wykonanie ogrodu \u0142\u0105cznie z nasadzeniami ro\u015blin. Do projektu do\u0142\u0105czone s\u0105 wizualizacji 3D przysz\u0142ego ogrodu.<\/p>\n<p>Projekt zawiera:<br \/>\n<span class=\"x1xsqp64 xiy17q3 x1o6pynw x19co3pv xdj266r xcwd3tp xat24cr x39eecv x2b8uid\" data-testid=\"emoji\"><span class=\"xexx8yu xn5pp95 x18d9i69 x2fxd7x x1yqt14a x1bhl96m\">\ud83c\udf31<\/span><\/span> uk\u0142ad kompozycyjny (schemat funkcjonalny) \u2013 co gdzie ma by\u0107 w ogrodzie tak, \u017ceby jak najlepiej wykorzysta\u0107 przestrze\u0144, wydoby\u0107 zalety, zminimalizowa\u0107 wady \u2028<span class=\"x1xsqp64 xiy17q3 x1o6pynw x19co3pv xdj266r xcwd3tp xat24cr x39eecv x2b8uid\" data-testid=\"emoji\"><span class=\"xexx8yu xn5pp95 x18d9i69 x2fxd7x x1yqt14a x1bhl96m\">\ud83c\udf31<\/span><\/span>komunikacj\u0119: \u015bcie\u017cki, nawierzchnie, podjazd\u2028 <span class=\"x1xsqp64 xiy17q3 x1o6pynw x19co3pv xdj266r xcwd3tp xat24cr x39eecv x2b8uid\" data-testid=\"emoji\"><span class=\"xexx8yu xn5pp95 x18d9i69 x2fxd7x x1yqt14a x1bhl96m\">\ud83c\udf37<\/span><\/span>rozmieszczenie rabat, trawnik\u00f3w, \u017cywop\u0142ot\u00f3w\u2028 <span class=\"x1xsqp64 xiy17q3 x1o6pynw x19co3pv xdj266r xcwd3tp xat24cr x39eecv x2b8uid\" data-testid=\"emoji\"><span class=\"xexx8yu xn5pp95 x18d9i69 x2fxd7x x1yqt14a x1bhl96m\">\ud83c\udf31<\/span><\/span>rozmieszczenie punkt\u00f3w \u015bwietlnych \u2028 <span class=\"x1xsqp64 xiy17q3 x1o6pynw x19co3pv xdj266r xcwd3tp xat24cr x39eecv x2b8uid\" data-testid=\"emoji\"><span class=\"xexx8yu xn5pp95 x18d9i69 x2fxd7x x1yqt14a x1bhl96m\">\ud83c\udf37<\/span><\/span>propozycje ma\u0142ej architektury ogrodowej (lampy, altany, treja\u017ce, pergole itp.) \u2013 przy elementach ma\u0142ej architektury s\u0105 to rysunki koncepcyjne \u2013 bez rysunk\u00f3w konstrukcyjnych lub gotowe produkty z katalog\u00f3w,\u2028 <span class=\"x1xsqp64 xiy17q3 x1o6pynw x19co3pv xdj266r xcwd3tp xat24cr x39eecv x2b8uid\" data-testid=\"emoji\"><span class=\"xexx8yu xn5pp95 x18d9i69 x2fxd7x x1yqt14a x1bhl96m\">\ud83c\udf37<\/span><\/span>szczeg\u00f3\u0142owy spis ro\u015blin z jednoznacznym okre\u015bleniem ro\u015blin (co do gatunku i odmiany),\u2028 <span class=\"x1xsqp64 xiy17q3 x1o6pynw x19co3pv xdj266r xcwd3tp xat24cr x39eecv x2b8uid\" data-testid=\"emoji\"><span class=\"xexx8yu xn5pp95 x18d9i69 x2fxd7x x1yqt14a x1bhl96m\">\ud83c\udf31<\/span><\/span> rzut ogrodu w skali 1:100\u2028 <span class=\"x1xsqp64 xiy17q3 x1o6pynw x19co3pv xdj266r xcwd3tp xat24cr x39eecv x2b8uid\" data-testid=\"emoji\"><span class=\"xexx8yu xn5pp95 x18d9i69 x2fxd7x x1yqt14a x1bhl96m\">\ud83c\udf31<\/span><\/span>zestawienie powierzchni: nawierzchni utwardzonych, trawnik\u00f3w, powierzchni nasadze\u0144\u2028&nbsp; <span class=\"x1xsqp64 xiy17q3 x1o6pynw x19co3pv xdj266r xcwd3tp xat24cr x39eecv x2b8uid\" data-testid=\"emoji\"><span class=\"xexx8yu xn5pp95 x18d9i69 x2fxd7x x1yqt14a x1bhl96m\">\ud83c\udf3f<\/span><\/span>wizualizacje 3D (minimum 6 scen) \u2013 wizualizacje nie odwzorowuj\u0105 w 100% projektowanej ro\u015blinno\u015bci \u2013 s\u0142u\u017c\u0105 do pokazania og\u00f3lnego wygl\u0105du ogrodu i oddania jego klimatu. Projektowane ro\u015bliny s\u0105 przedstawiane na prezentacji na podstawie zdj\u0119\u0107.<br \/>\nEtap projektowy zawiera minimum 4 spotkania, klienci mog\u0105 na ka\u017cdym etapie (do ostatecznej akceptacji ka\u017cdego z etap\u00f3w) wprowadza\u0107 zmiany.<\/p>\n<p><strong>Koszt projektu z wizualizacjami = Liczba metr\u00f3w kwadratowych ogrodu + 4400 z\u0142<\/strong><\/p>\n<p>Przyk\u0142adowe wyliczenie kosztu projektu bez wizualizacji:\u20281000 + 2900 z\u0142 = 3900 z\u0142 netto (cena dla ogrodu wielko\u015bci 1000 m2)<br \/>\nPrzyk\u0142adowe wyliczenie kosztu projektu z wizualizacj\u0105:\u20281000 + 4400 z\u0142 = 5400 z\u0142 netto (cena dla ogrodu wielko\u015bci 1000 m2)<\/p>\n<p><strong>Koszt projektu nawierzchni \u2013 1800 z\u0142 netto (sama nawierzchnia w ogrodzie bez ro\u015blinno\u015bci i schematu funkcjonalnego).<\/strong><br \/>\n<strong>\u2028Koszt projektu ma\u0142ych rabat jest ustalany indywidualnie.<\/strong><br \/>\nW celu zarezerwowania terminu na projekt konieczne jest podpisanie umowy i wp\u0142ata 500 z\u0142 zadatku.<br \/>\n<strong>Podane ceny s\u0105 cenami netto. Nale\u017cy doliczy\u0107 do nich 8% VAT<\/strong><\/p>\n<p><strong>PODANE CENY S\u0104 ORIENTACYJNE, KONKRETNA WYCENA PRZYGOTOWYWANA JEST PO ZAPOZNANIU SI\u0118&nbsp; Z TERENEM.<\/strong><\/p>\n<p><strong>&nbsp;<\/strong><\/p>\n<p><strong><u>REALIZACJE<\/u><\/strong><\/p>\n<p>Wi\u0119kszo\u015b\u0107 prac jest wyceniana w zale\u017cno\u015bci od powierzchni ogrodu i ilo\u015bci sadzonych ro\u015blin. Orientacyjny koszt realizacji ogrodu mo\u017cna policzy\u0107 na podstawie dost\u0119pnego poni\u017cej cennika.<\/p>\n<p>Cennik realizacji dost\u0119pny jest do pobrania w formacie PDF<br \/>\n<a href=\"https:\/\/www.ogrodnia.eu\/wp-content\/uploads\/2025\/01\/Kosztorys_2025.pdf\"><img loading=\"lazy\" decoding=\"async\" class=\".no_border_image alignnone wp-image-108 size-full\" src=\"https:\/\/www.ogrodnia.eu\/wp-content\/uploads\/2017\/02\/22x22_pdf.png\" alt=\"\" width=\"22\" height=\"22\"><\/a> jest to orientacyjny kosztorys z cenami brutto (wliczone 8% VAT). Na \u017cyczenie klienta mo\u017cemy przygotowa\u0107 szczeg\u00f3\u0142owy kosztorys realizacji ogrodu.<\/p>\n<p>W razie pyta\u0144 prosimy o kontakt<\/p>\n<p><strong><u>PIEL\u0118GNACJA:<\/u><\/strong><\/p>\n<p>Koszt piel\u0119gnacji ustalany jest indywidualnie dla ka\u017cdego ogrodu. Zale\u017cy od zakresu i intensywno\u015bci prac.<\/p>\n","protected":false},"excerpt":{"rendered":"<p>Zapraszam do zapoznania si\u0119 z cenami. W przypadku w\u0105tpliwo\u015bci, ch\u0119tnie odwiedz\u0119 Pa\u0144stwa w ogrodzie i przygotuj\u0119 niezobowi\u0105zuj\u0105c\u0105 ofert\u0119. DORADZTWO W TERENIE &#8211; spotkanie w Pa\u0144stwa ogrodzie w celu om\u00f3wienia zmian, zaproponowania rozwi\u0105za\u0144 problem\u00f3w, pomocy przy samodzielnym zak\u0142adaniu ogrodu &#8211; koszt &hellip; <a href=\"https:\/\/www.ogrodnia.eu\/index.php\/cennik\/\">Czytaj dalej <span class=\"meta-nav\">&rarr;<\/span><\/a><\/p>\n","protected":false},"author":1,"featured_media":0,"parent":0,"menu_order":0,"comment_status":"closed","ping_status":"closed","template":"","meta":{"om_disable_all_campaigns":false,"_monsterinsights_skip_tracking":false,"_monsterinsights_sitenote_active":false,"_monsterinsights_sitenote_note":"","_monsterinsights_sitenote_category":0,"_uf_show_specific_survey":0,"_uf_disable_surveys":false,"ngg_post_thumbnail":0,"footnotes":""},"class_list":["post-20","page","type-page","status-publish","hentry"],"aioseo_notices":[],"_links":{"self":[{"href":"https:\/\/www.ogrodnia.eu\/index.php\/wp-json\/wp\/v2\/pages\/20","targetHints":{"allow":["GET"]}}],"collection":[{"href":"https:\/\/www.ogrodnia.eu\/index.php\/wp-json\/wp\/v2\/pages"}],"about":[{"href":"https:\/\/www.ogrodnia.eu\/index.php\/wp-json\/wp\/v2\/types\/page"}],"author":[{"embeddable":true,"href":"https:\/\/www.ogrodnia.eu\/index.php\/wp-json\/wp\/v2\/users\/1"}],"replies":[{"embeddable":true,"href":"https:\/\/www.ogrodnia.eu\/index.php\/wp-json\/wp\/v2\/comments?post=20"}],"version-history":[{"count":49,"href":"https:\/\/www.ogrodnia.eu\/index.php\/wp-json\/wp\/v2\/pages\/20\/revisions"}],"predecessor-version":[{"id":2707,"href":"https:\/\/www.ogrodnia.eu\/index.php\/wp-json\/wp\/v2\/pages\/20\/revisions\/2707"}],"wp:attachment":[{"href":"https:\/\/www.ogrodnia.eu\/index.php\/wp-json\/wp\/v2\/media?parent=20"}],"curies":[{"name":"wp","href":"https:\/\/api.w.org\/{rel}","templated":true}]}}